{"id":5687,"date":"2023-04-05T09:53:11","date_gmt":"2023-04-05T08:53:11","guid":{"rendered":"https:\/\/calilove.ch\/?page_id=5687"},"modified":"2023-04-05T09:55:58","modified_gmt":"2023-04-05T08:55:58","slug":"datenschutz","status":"publish","type":"page","link":"https:\/\/calilove.ch\/fr\/datenschutz\/","title":{"rendered":"Protection des donn\u00e9es"},"content":{"rendered":"<div data-elementor-type=\"wp-page\" data-elementor-id=\"5687\" class=\"elementor elementor-5687\" data-elementor-post-type=\"page\">\n\t\t\t\t\t\t<section class=\"elementor-section elementor-top-section elementor-element elementor-element-fc7afb0 elementor-section-boxed elementor-section-height-default elementor-section-height-default\" data-id=\"fc7afb0\" data-element_type=\"section\" data-e-type=\"section\" data-settings=\"{&quot;background_background&quot;:&quot;classic&quot;}\">\n\t\t\t\t\t\t<div class=\"elementor-container elementor-column-gap-default\">\n\t\t\t\t\t<div class=\"elementor-column elementor-col-100 elementor-top-column elementor-element elementor-element-b6d6b09\" data-id=\"b6d6b09\" data-element_type=\"column\" data-e-type=\"column\">\n\t\t\t<div class=\"elementor-widget-wrap elementor-element-populated\">\n\t\t\t\t\t\t<div class=\"elementor-element elementor-element-98a5b7a elementor-widget__width-auto elementor-widget elementor-widget-heading\" data-id=\"98a5b7a\" data-element_type=\"widget\" data-e-type=\"widget\" data-widget_type=\"heading.default\">\n\t\t\t\t<div class=\"elementor-widget-container\">\n\t\t\t\t\t<h1 class=\"elementor-heading-title elementor-size-default\">Protection des donn\u00e9es<\/h1>\t\t\t\t<\/div>\n\t\t\t\t<\/div>\n\t\t\t\t\t<\/div>\n\t\t<\/div>\n\t\t\t\t\t<\/div>\n\t\t<\/section>\n\t\t<div class=\"elementor-element elementor-element-9a8a2e4 e-flex e-con-boxed e-con e-parent\" data-id=\"9a8a2e4\" data-element_type=\"container\" data-e-type=\"container\">\n\t\t\t\t\t<div class=\"e-con-inner\">\n\t\t\t\t<div class=\"elementor-element elementor-element-6d82afa elementor-widget elementor-widget-text-editor\" data-id=\"6d82afa\" data-element_type=\"widget\" data-e-type=\"widget\" data-widget_type=\"text-editor.default\">\n\t\t\t\t<div class=\"elementor-widget-container\">\n\t\t\t\t\t\t\t\t\t<p><strong>Politique de confidentialit\u00e9<\/strong><br \/>Le service responsable au sens des lois sur la protection des donn\u00e9es, en particulier du r\u00e8glement g\u00e9n\u00e9ral sur la protection des donn\u00e9es (RGPD) de l'UE, est :<\/p><p>Id\u00e9el AG<br \/>16a, rue Grundstrasse<br \/>8712 St\u00e4fa<br \/>Suisse<\/p><p>E-mail : <a href=\"mailto:info@calilove.ch\"><u>info@calilove.ch<\/u><\/a><br \/>Site web : https:\/\/calilove.ch\/<\/p><p><strong>Dispositions g\u00e9n\u00e9rales<\/strong><br \/>En vertu de l'article 13 de la Constitution f\u00e9d\u00e9rale suisse et des dispositions l\u00e9gales de la Conf\u00e9d\u00e9ration suisse en mati\u00e8re de protection des donn\u00e9es (loi sur la protection des donn\u00e9es, LPD), toute personne a droit \u00e0 la protection de sa sph\u00e8re priv\u00e9e ainsi qu'\u00e0 la protection contre l'emploi abusif de ses donn\u00e9es personnelles. Les exploitants de ces pages prennent la protection de vos donn\u00e9es personnelles tr\u00e8s au s\u00e9rieux. Nous traitons vos donn\u00e9es personnelles de mani\u00e8re confidentielle et conform\u00e9ment aux dispositions l\u00e9gales en mati\u00e8re de protection des donn\u00e9es ainsi qu'\u00e0 la pr\u00e9sente d\u00e9claration de protection des donn\u00e9es.<\/p><p>En collaboration avec nos fournisseurs d'h\u00e9bergement, nous nous effor\u00e7ons de prot\u00e9ger autant que possible les bases de donn\u00e9es contre tout acc\u00e8s non autoris\u00e9, toute perte, tout abus ou toute falsification.<\/p><p>Nous attirons votre attention sur le fait que la transmission de donn\u00e9es sur Internet (p. ex. lors de la communication par e-mail) peut pr\u00e9senter des failles de s\u00e9curit\u00e9. Une protection compl\u00e8te des donn\u00e9es contre l'acc\u00e8s par des tiers n'est pas possible.<\/p><p>En utilisant ce site web, vous acceptez la collecte, le traitement et l'utilisation des donn\u00e9es conform\u00e9ment \u00e0 la description ci-dessous. Ce site web peut en principe \u00eatre visit\u00e9 sans enregistrement. Les donn\u00e9es telles que les pages consult\u00e9es ou les noms des fichiers appel\u00e9s, la date et l'heure sont enregistr\u00e9es sur le serveur \u00e0 des fins statistiques, sans que ces donn\u00e9es puissent \u00eatre directement mises en relation avec votre personne. Dans la mesure o\u00f9 des donn\u00e9es personnelles (par exemple nom, adresse ou adresses e-mail) sont collect\u00e9es sur nos pages, cela se fait toujours, dans la mesure du possible, sur une base volontaire. Ces donn\u00e9es ne sont pas transmises \u00e0 des tiers sans votre accord explicite.<\/p><p><strong>Traitement des donn\u00e9es \u00e0 caract\u00e8re personnel<\/strong><br \/>Les donn\u00e9es \u00e0 caract\u00e8re personnel sont toutes les informations qui se rapportent \u00e0 une personne identifi\u00e9e ou identifiable. Une personne concern\u00e9e est une personne au sujet de laquelle des donn\u00e9es \u00e0 caract\u00e8re personnel sont trait\u00e9es. Le traitement comprend toute op\u00e9ration portant sur des donn\u00e9es \u00e0 caract\u00e8re personnel, quels que soient les moyens et les proc\u00e9dures utilis\u00e9s, notamment l'enregistrement, la communication, l'obtention, l'effacement, la conservation, la modification, la destruction et l'utilisation de donn\u00e9es \u00e0 caract\u00e8re personnel.<\/p><p>Nous traitons les donn\u00e9es personnelles en conformit\u00e9 avec le droit suisse de la protection des donn\u00e9es. Dans la mesure o\u00f9 le RGPD de l'UE est applicable, nous traitons en outre les donn\u00e9es personnelles sur les bases juridiques suivantes en relation avec l'art. 6 (1) du RGPD :<\/p><p class=\"translation-block\">lit. a) Traitement des donn\u00e9es \u00e0 caract\u00e8re personnel avec le consentement de la personne concern\u00e9e.<br \/>lit. b) Traitement des donn\u00e9es \u00e0 caract\u00e8re personnel en vue de l'ex\u00e9cution d'un contrat avec la personne concern\u00e9e ainsi que de l'ex\u00e9cution de mesures pr\u00e9contractuelles correspondantes.<br \/>lit. c) Traitement des donn\u00e9es \u00e0 caract\u00e8re personnel en vue de satisfaire \u00e0 une obligation l\u00e9gale \u00e0 laquelle nous sommes soumis en vertu du droit en vigueur dans l'UE ou du droit en vigueur dans un pays o\u00f9 le RGPD s'applique en tout ou en partie.<br \/>lit. d) Traitement de donn\u00e9es \u00e0 caract\u00e8re personnel pour sauvegarder les int\u00e9r\u00eats vitaux de la personne concern\u00e9e ou d'une autre personne physique.<br \/>lit. f) Traitement de donn\u00e9es \u00e0 caract\u00e8re personnel pour sauvegarder nos int\u00e9r\u00eats l\u00e9gitimes ou ceux de tiers, \u00e0 moins que ne pr\u00e9valent les libert\u00e9s fondamentales et les droits et int\u00e9r\u00eats de la personne concern\u00e9e. Parmi les int\u00e9r\u00eats l\u00e9gitimes figurent notamment notre int\u00e9r\u00eat commercial \u00e0 pouvoir fournir notre site web, la s\u00e9curit\u00e9 de l'information, la mise en \u0153uvre de nos propres droits juridiques et le respect du droit suisse.<br \/>Nous traitons les donn\u00e9es \u00e0 caract\u00e8re personnel pendant la dur\u00e9e n\u00e9cessaire \u00e0 la finalit\u00e9 ou aux finalit\u00e9s en question. En cas d'obligation de conservation \u00e0 plus long terme en raison d'obligations l\u00e9gales ou autres auxquelles nous sommes soumis, nous limitons le traitement en cons\u00e9quence.<\/p><p><strong>Politique de confidentialit\u00e9 des cookies<\/strong><br \/>Ce site web utilise des cookies. Il s'agit de petits fichiers texte qui permettent de stocker des informations sp\u00e9cifiques \u00e0 l'utilisateur sur son terminal pendant qu'il utilise le site. Les cookies permettent notamment de d\u00e9terminer la fr\u00e9quence d'utilisation et le nombre d'utilisateurs des pages, d'analyser les mod\u00e8les de comportement de l'utilisation des pages, mais aussi de concevoir notre offre de mani\u00e8re plus conviviale. Les cookies restent enregistr\u00e9s au-del\u00e0 de la fin d'une session de navigation et peuvent \u00eatre r\u00e9cup\u00e9r\u00e9s lors d'une nouvelle visite du site. Si vous ne le souhaitez pas, vous devez configurer votre navigateur Internet de mani\u00e8re \u00e0 ce qu'il refuse les cookies.<\/p><p>Une opposition g\u00e9n\u00e9rale \u00e0 l'utilisation de cookies \u00e0 des fins de marketing en ligne peut \u00eatre d\u00e9clar\u00e9e pour une grande partie des services, notamment dans le cas du tracking, via le site am\u00e9ricain http:\/\/www.aboutads.info\/choices\/ ou le site de l'UE http:\/\/www.youronlinechoices.com\/. En outre, l'enregistrement des cookies peut \u00eatre obtenu en les d\u00e9sactivant dans les param\u00e8tres du navigateur. Veuillez noter que dans ce cas, toutes les fonctions de cette offre en ligne ne pourront pas \u00eatre utilis\u00e9es.<\/p><p><strong>Dispositions relatives \u00e0 la protection des donn\u00e9es pour le formulaire de contact<\/strong><br \/>Si vous nous faites parvenir des demandes par le biais du formulaire de contact, les informations que vous avez fournies dans le formulaire de demande, y compris les donn\u00e9es de contact que vous y avez indiqu\u00e9es, sont enregistr\u00e9es chez nous \u00e0 des fins de traitement de la demande et en cas de questions de suivi. Nous ne transmettons pas ces donn\u00e9es sans votre consentement.<\/p><p>Politique de confidentialit\u00e9 pour la fonction de commentaire sur ce site web<br \/>Pour la fonction de commentaire sur ce site web, nous enregistrons, outre votre commentaire, des informations sur l'heure de cr\u00e9ation du commentaire, votre adresse e-mail et, si vous ne publiez pas anonymement, le nom d'utilisateur que vous avez choisi.<\/p><p><strong>Enregistrement de l'adresse IP<\/strong><br \/>Notre fonction de commentaire enregistre les adresses IP des utilisateurs qui laissent des commentaires. Comme nous ne v\u00e9rifions pas les commentaires sur notre site avant de les valider, nous avons besoin de ces donn\u00e9es pour pouvoir agir contre leur auteur en cas d'infraction \u00e0 la loi, comme des insultes ou de la propagande.<\/p><p><strong>S'abonner aux commentaires<\/strong><br \/>En tant qu'utilisateur du site, vous pouvez vous abonner aux commentaires apr\u00e8s vous \u00eatre inscrit. Vous recevrez un e-mail de confirmation afin de v\u00e9rifier que vous \u00eates bien le propri\u00e9taire de l'adresse e-mail indiqu\u00e9e. Vous pouvez \u00e0 tout moment vous d\u00e9sabonner de cette fonction en cliquant sur le lien figurant dans les e-mails d'information.<\/p><p><strong>Modifications<\/strong><br \/>Nous pouvons modifier la pr\u00e9sente d\u00e9claration de confidentialit\u00e9 \u00e0 tout moment et sans pr\u00e9avis. La version en vigueur publi\u00e9e sur notre site web s'applique. Si la d\u00e9claration de confidentialit\u00e9 fait partie d'un accord avec vous, nous vous informerons de la modification par e-mail ou par tout autre moyen appropri\u00e9 en cas de mise \u00e0 jour.<\/p><p><strong>Questions au d\u00e9l\u00e9gu\u00e9 \u00e0 la protection des donn\u00e9es<\/strong><br \/>Si vous avez des questions concernant la protection des donn\u00e9es, veuillez nous envoyer un e-mail ou vous adresser directement \u00e0 la personne responsable de la protection des donn\u00e9es au sein de notre organisation, mentionn\u00e9e au d\u00e9but de la d\u00e9claration de confidentialit\u00e9.<\/p><p>St\u00e4fa, le 10.02.2023<br \/>Source :\u00a0<a href=\"https:\/\/www.swissanwalt.ch\/\" target=\"_blank\" rel=\"nofollow noopener\">SwissAnwalt<\/a><\/p>\t\t\t\t\t\t\t\t<\/div>\n\t\t\t\t<\/div>\n\t\t\t\t\t<\/div>\n\t\t\t\t<\/div>\n\t\t\t\t<\/div>","protected":false},"excerpt":{"rendered":"<p>Datenschutz DatenschutzbestimmungenVerantwortliche Stelle im Sinne der Datenschutzgesetze, insbesondere der EU-Datenschutzgrundverordnung (DSGVO), ist: Id\u00e9el AGGrundstrasse 16a8712 St\u00e4faSchweiz E-mail: info@calilove.chWebsite: https:\/\/calilove.ch\/ Allgemeine BestimmungenGest\u00fctzt auf Artikel 13 der Schweizerischen Bundesverfassung und die datenschutzrechtlichen Bestimmungen der Schweizerischen Eidgenossenschaft (Datenschutzgesetz, DSG) hat jede Person Anspruch auf Schutz ihrer Privatsph\u00e4re sowie auf Schutz vor Missbrauch ihrer pers\u00f6nlichen Daten. Die Betreiber dieser [&hellip;]<\/p>","protected":false},"author":1,"featured_media":0,"parent":0,"menu_order":0,"comment_status":"closed","ping_status":"closed","template":"","meta":{"footnotes":""},"class_list":["post-5687","page","type-page","status-publish","hentry"],"_links":{"self":[{"href":"https:\/\/calilove.ch\/fr\/wp-json\/wp\/v2\/pages\/5687","targetHints":{"allow":["GET"]}}],"collection":[{"href":"https:\/\/calilove.ch\/fr\/wp-json\/wp\/v2\/pages"}],"about":[{"href":"https:\/\/calilove.ch\/fr\/wp-json\/wp\/v2\/types\/page"}],"author":[{"embeddable":true,"href":"https:\/\/calilove.ch\/fr\/wp-json\/wp\/v2\/users\/1"}],"replies":[{"embeddable":true,"href":"https:\/\/calilove.ch\/fr\/wp-json\/wp\/v2\/comments?post=5687"}],"version-history":[{"count":7,"href":"https:\/\/calilove.ch\/fr\/wp-json\/wp\/v2\/pages\/5687\/revisions"}],"predecessor-version":[{"id":5697,"href":"https:\/\/calilove.ch\/fr\/wp-json\/wp\/v2\/pages\/5687\/revisions\/5697"}],"wp:attachment":[{"href":"https:\/\/calilove.ch\/fr\/wp-json\/wp\/v2\/media?parent=5687"}],"curies":[{"name":"wp","href":"https:\/\/api.w.org\/{rel}","templated":true}]}}